{"id":2621,"date":"2025-07-31T20:52:29","date_gmt":"2025-07-31T20:52:29","guid":{"rendered":"https:\/\/dev.boughanmi-avocat.fr\/?page_id=2621"},"modified":"2025-07-31T21:14:57","modified_gmt":"2025-07-31T21:14:57","slug":"mentions-legales","status":"publish","type":"page","link":"https:\/\/boughanmi-avocat.fr\/index.php\/mentions-legales\/","title":{"rendered":"Mentions l\u00e9gales"},"content":{"rendered":"\t\t<div data-elementor-type=\"wp-page\" data-elementor-id=\"2621\" class=\"elementor elementor-2621\">\n\t\t\t\t<div class=\"elementor-element elementor-element-293552f e-flex e-con-boxed e-con e-parent\" data-id=\"293552f\" data-element_type=\"container\">\n\t\t\t\t\t<div class=\"e-con-inner\">\n\t\t<div class=\"elementor-element elementor-element-736ed3a e-con-full e-flex e-con e-child\" data-id=\"736ed3a\" data-element_type=\"container\">\n\t\t\t\t<\/div>\n\t\t\t\t<div class=\"elementor-element elementor-element-80c82ca elementor-widget elementor-widget-heading\" data-id=\"80c82ca\" data-element_type=\"widget\" data-widget_type=\"heading.default\">\n\t\t\t\t<div class=\"elementor-widget-container\">\n\t\t\t\t\t<h1 class=\"elementor-heading-title elementor-size-default\">Mentions l\u00e9gales<\/h1>\t\t\t\t<\/div>\n\t\t\t\t<\/div>\n\t\t<div class=\"elementor-element elementor-element-8e0a08d e-con-full e-flex e-con e-child\" data-id=\"8e0a08d\" data-element_type=\"container\">\n\t\t<div class=\"elementor-element elementor-element-c642db7 e-con-full e-flex e-con e-child\" data-id=\"c642db7\" data-element_type=\"container\">\n\t\t\t\t<\/div>\n\t\t\t\t<div class=\"elementor-element elementor-element-100ec04 elementor-widget elementor-widget-heading\" data-id=\"100ec04\" data-element_type=\"widget\" data-widget_type=\"heading.default\">\n\t\t\t\t<div class=\"elementor-widget-container\">\n\t\t\t\t\t<h2 class=\"elementor-heading-title elementor-size-default\">1. \u00c9diteur du site<\/h2>\t\t\t\t<\/div>\n\t\t\t\t<\/div>\n\t\t\t\t<div class=\"elementor-element elementor-element-ac906c8 elementor-widget elementor-widget-text-editor\" data-id=\"ac906c8\" data-element_type=\"widget\" data-widget_type=\"text-editor.default\">\n\t\t\t\t<div class=\"elementor-widget-container\">\n\t\t\t\t\t\t\t\t\t<p>Le pr\u00e9sent site est \u00e9dit\u00e9 par : Ma\u00eetre Mouna Boughanmi<\/p><p>Avocate au Barreau d\u2019Aix-en-Provence<\/p><p>Exer\u00e7ant \u00e0 titre individuel<\/p><p>Adresse : 18 bis avenue Paul di Lorto \u2013 13500 Martigues<\/p><p>T\u00e9l\u00e9phone : 0634587593<\/p><p>E-mail : mb@boughanmi-avocat.fr<\/p><p>SIRET : 817 626 500 00034<\/p><p>Code NAF : 6910Z<\/p><p>Inscription \u00e0 u Barreau d\u2019Aix-en-Provence (serment pr\u00eat\u00e9 le 08 janvier 2016)<\/p>\t\t\t\t\t\t\t\t<\/div>\n\t\t\t\t<\/div>\n\t\t\t\t<\/div>\n\t\t<div class=\"elementor-element elementor-element-58e6637 e-con-full e-flex e-con e-child\" data-id=\"58e6637\" data-element_type=\"container\">\n\t\t\t\t<div class=\"elementor-element elementor-element-8c2c14f elementor-widget elementor-widget-heading\" data-id=\"8c2c14f\" data-element_type=\"widget\" data-widget_type=\"heading.default\">\n\t\t\t\t<div class=\"elementor-widget-container\">\n\t\t\t\t\t<h2 class=\"elementor-heading-title elementor-size-default\">2. Directeur de la publication<\/h2>\t\t\t\t<\/div>\n\t\t\t\t<\/div>\n\t\t\t\t<div class=\"elementor-element elementor-element-e7099c6 elementor-widget elementor-widget-text-editor\" data-id=\"e7099c6\" data-element_type=\"widget\" data-widget_type=\"text-editor.default\">\n\t\t\t\t<div class=\"elementor-widget-container\">\n\t\t\t\t\t\t\t\t\t<p>Ma\u00eetre Mouna Boughanmi<\/p>\t\t\t\t\t\t\t\t<\/div>\n\t\t\t\t<\/div>\n\t\t\t\t<\/div>\n\t\t<div class=\"elementor-element elementor-element-154fedb e-con-full e-flex e-con e-child\" data-id=\"154fedb\" data-element_type=\"container\">\n\t\t\t\t<div class=\"elementor-element elementor-element-cb588c0 elementor-widget elementor-widget-heading\" data-id=\"cb588c0\" data-element_type=\"widget\" data-widget_type=\"heading.default\">\n\t\t\t\t<div class=\"elementor-widget-container\">\n\t\t\t\t\t<h2 class=\"elementor-heading-title elementor-size-default\">3. H\u00e9bergement<\/h2>\t\t\t\t<\/div>\n\t\t\t\t<\/div>\n\t\t\t\t<div class=\"elementor-element elementor-element-19f05b8 elementor-widget elementor-widget-text-editor\" data-id=\"19f05b8\" data-element_type=\"widget\" data-widget_type=\"text-editor.default\">\n\t\t\t\t<div class=\"elementor-widget-container\">\n\t\t\t\t\t\t\t\t\t<p>Le site est h\u00e9berg\u00e9 par : OVH<\/p><p>Adresse : 2 rue Kellermann \u2013 BP 80157 \u2013 59053 Roubaix Cedex 1 \u2013 France<\/p><p>T\u00e9l\u00e9phone : 08 203 203 63<\/p>\t\t\t\t\t\t\t\t<\/div>\n\t\t\t\t<\/div>\n\t\t\t\t<\/div>\n\t\t<div class=\"elementor-element elementor-element-57c7e97 e-con-full e-flex e-con e-child\" data-id=\"57c7e97\" data-element_type=\"container\">\n\t\t\t\t<div class=\"elementor-element elementor-element-a82a45f elementor-widget elementor-widget-heading\" data-id=\"a82a45f\" data-element_type=\"widget\" data-widget_type=\"heading.default\">\n\t\t\t\t<div class=\"elementor-widget-container\">\n\t\t\t\t\t<h2 class=\"elementor-heading-title elementor-size-default\">4. Activit\u00e9 r\u00e9glement\u00e9e<\/h2>\t\t\t\t<\/div>\n\t\t\t\t<\/div>\n\t\t\t\t<div class=\"elementor-element elementor-element-6acd972 elementor-widget elementor-widget-text-editor\" data-id=\"6acd972\" data-element_type=\"widget\" data-widget_type=\"text-editor.default\">\n\t\t\t\t<div class=\"elementor-widget-container\">\n\t\t\t\t\t\t\t\t\t<p>Ma\u00eetre Mouna Boughanmi exerce la profession d\u2019avocat, soumise \u00e0 une r\u00e9glementation d\u00e9ontologique stricte (Loi n\u00b071-1130 du 31 d\u00e9cembre 1971 modifi\u00e9e, R\u00e8glement Int\u00e9rieur National de la profession d\u2019avocat &#8211; RIN).<\/p><p>Elle est inscrite au tableau de l\u2019Ordre des avocats du Barreau d\u2019Aix-en-Provence.<\/p>\t\t\t\t\t\t\t\t<\/div>\n\t\t\t\t<\/div>\n\t\t\t\t<\/div>\n\t\t<div class=\"elementor-element elementor-element-9b5a769 e-con-full e-flex e-con e-child\" data-id=\"9b5a769\" data-element_type=\"container\">\n\t\t\t\t<div class=\"elementor-element elementor-element-e54d1af elementor-widget elementor-widget-heading\" data-id=\"e54d1af\" data-element_type=\"widget\" data-widget_type=\"heading.default\">\n\t\t\t\t<div class=\"elementor-widget-container\">\n\t\t\t\t\t<h2 class=\"elementor-heading-title elementor-size-default\">5. Propri\u00e9t\u00e9 intellectuelle<\/h2>\t\t\t\t<\/div>\n\t\t\t\t<\/div>\n\t\t\t\t<div class=\"elementor-element elementor-element-7ba8700 elementor-widget elementor-widget-text-editor\" data-id=\"7ba8700\" data-element_type=\"widget\" data-widget_type=\"text-editor.default\">\n\t\t\t\t<div class=\"elementor-widget-container\">\n\t\t\t\t\t\t\t\t\t<p>L\u2019ensemble des \u00e9l\u00e9ments figurant sur ce site (textes, images, logos, graphismes, documents t\u00e9l\u00e9chargeables, etc.) est la propri\u00e9t\u00e9 exclusive de Ma\u00eetre Mouna Boughanmi, sauf mention contraire. Toute reproduction, repr\u00e9sentation, modification ou publication, totale ou partielle, est interdite sans autorisation \u00e9crite.<\/p>\t\t\t\t\t\t\t\t<\/div>\n\t\t\t\t<\/div>\n\t\t\t\t<\/div>\n\t\t<div class=\"elementor-element elementor-element-455ddbb e-con-full e-flex e-con e-child\" data-id=\"455ddbb\" data-element_type=\"container\">\n\t\t\t\t<div class=\"elementor-element elementor-element-aaec86b elementor-widget elementor-widget-heading\" data-id=\"aaec86b\" data-element_type=\"widget\" data-widget_type=\"heading.default\">\n\t\t\t\t<div class=\"elementor-widget-container\">\n\t\t\t\t\t<h2 class=\"elementor-heading-title elementor-size-default\">6. Donn\u00e9es personnelles<\/h2>\t\t\t\t<\/div>\n\t\t\t\t<\/div>\n\t\t\t\t<div class=\"elementor-element elementor-element-ce7be84 elementor-widget elementor-widget-text-editor\" data-id=\"ce7be84\" data-element_type=\"widget\" data-widget_type=\"text-editor.default\">\n\t\t\t\t<div class=\"elementor-widget-container\">\n\t\t\t\t\t\t\t\t\t<p>Les donn\u00e9es personnelles collect\u00e9es via le site sont trait\u00e9es dans le respect du R\u00e8glement G\u00e9n\u00e9ral sur la Protection des Donn\u00e9es (RGPD) et de la loi \u00ab Informatique et Libert\u00e9s \u00bb.<\/p><p>Les Donn\u00e9es que vous saisissez dans les formulaires, liens hypertextes ou que vous transmettez par email, sont exclusivement destin\u00e9es \u00e0 l\u2019\u00e9diteur, soit Ma\u00eetre Mouna BOUGHANMI<\/p><p>Conform\u00e9ment aux articles 13 et 14 du r\u00e8glement (UE) g\u00e9n\u00e9ral sur la protection des donn\u00e9es 2016\/679 du Parlement europ\u00e9en et du Conseil du 27 avril 2016 et l\u2019article 32 de la loi \u00ab Informatique et Libert\u00e9s \u00bb du 6 janvier 1978 modifi\u00e9e en 2004, le directeur de la publication du site vous informe que les donn\u00e9es \u00e0 caract\u00e8re personnel recueillies sur ce site (notamment nom, pr\u00e9nom, adresse \u00e9lectronique, t\u00e9l\u00e9phone et objet de la demande de contact aupr\u00e8s de l\u2019\u00e9diteur) font l\u2019objet d\u2019un traitement informatique destin\u00e9 \u00e0 Ma\u00eetre MOUNA BOUGHANMI<\/p><ul><li>prise de contact et\/ou rendez-vous et\/ou consultation juridique et\/ou ex\u00e9cution d\u2019une prestation juridique\u00a0; et\/ou<\/li><li>\u00e9tablissement d&rsquo;une convention d&rsquo;honoraires et\/ou<\/li><\/ul><p>Conform\u00e9ment \u00e0 l\u2019article 13 du R\u00e8glement G\u00e9n\u00e9ral sur la Protection des Donn\u00e9es, le directeur de la publication vous informe s\u2019agissant de la dur\u00e9e de conservation des donn\u00e9es \u00e0 caract\u00e8re personnel\u00a0transmises par la personne concern\u00e9e\u00a0:\u00a0<\/p><ul><li><u>Pour la prise de contact et\/ou rendez-vous et\/ou consultation juridique et\/ou ex\u00e9cution d\u2019une prestation juridique\u00a0\u00a0:<\/u> les donn\u00e9es \u00e0 caract\u00e8re personnel seront conserv\u00e9es au maximum pendant CINQ ans \u00e0 l\u2019issue de la relation contractuelle au sein des dossiers courants<\/li><\/ul><p>Pour plus d\u2019informations, consultez la <u>politique de confidentialit\u00e9<\/u>.<\/p>\t\t\t\t\t\t\t\t<\/div>\n\t\t\t\t<\/div>\n\t\t\t\t<\/div>\n\t\t<div class=\"elementor-element elementor-element-cbf4fbd e-con-full e-flex e-con e-child\" data-id=\"cbf4fbd\" data-element_type=\"container\">\n\t\t\t\t<div class=\"elementor-element elementor-element-27c82d3 elementor-widget elementor-widget-heading\" data-id=\"27c82d3\" data-element_type=\"widget\" data-widget_type=\"heading.default\">\n\t\t\t\t<div class=\"elementor-widget-container\">\n\t\t\t\t\t<h2 class=\"elementor-heading-title elementor-size-default\">7. Cookies<\/h2>\t\t\t\t<\/div>\n\t\t\t\t<\/div>\n\t\t\t\t<div class=\"elementor-element elementor-element-741deb3 elementor-widget elementor-widget-text-editor\" data-id=\"741deb3\" data-element_type=\"widget\" data-widget_type=\"text-editor.default\">\n\t\t\t\t<div class=\"elementor-widget-container\">\n\t\t\t\t\t\t\t\t\t<p>Le site utilise uniquement des cookies techniques n\u00e9cessaires \u00e0 son bon fonctionnement et \u00e0 la mesure d\u2019audience, sans recueil de donn\u00e9es publicitaires. Vous pouvez configurer votre navigateur pour refuser les cookies.<\/p>\t\t\t\t\t\t\t\t<\/div>\n\t\t\t\t<\/div>\n\t\t\t\t<\/div>\n\t\t<div class=\"elementor-element elementor-element-e11e600 e-con-full e-flex e-con e-child\" data-id=\"e11e600\" data-element_type=\"container\">\n\t\t\t\t<div class=\"elementor-element elementor-element-08e95c9 elementor-widget elementor-widget-heading\" data-id=\"08e95c9\" data-element_type=\"widget\" data-widget_type=\"heading.default\">\n\t\t\t\t<div class=\"elementor-widget-container\">\n\t\t\t\t\t<h2 class=\"elementor-heading-title elementor-size-default\">8. M\u00e9diation<\/h2>\t\t\t\t<\/div>\n\t\t\t\t<\/div>\n\t\t\t\t<div class=\"elementor-element elementor-element-c363965 elementor-widget elementor-widget-text-editor\" data-id=\"c363965\" data-element_type=\"widget\" data-widget_type=\"text-editor.default\">\n\t\t\t\t<div class=\"elementor-widget-container\">\n\t\t\t\t\t\t\t\t\t<p>Conform\u00e9ment \u00e0 l\u2019article L.612-1 du Code de la consommation, vous pouvez recourir gratuitement au m\u00e9diateur de la consommation de la profession d\u2019avocat :<\/p><p>CNB, M\u00e9diateur de la consommation<\/p><p>180 boulevard Haussmann \u2013 75008 Paris<\/p><p><a href=\"https:\/\/www.mediateur-consommation-avocat.fr\">www.mediateur-consommation-avocat.fr<\/a><\/p>\t\t\t\t\t\t\t\t<\/div>\n\t\t\t\t<\/div>\n\t\t<div class=\"elementor-element elementor-element-91f3804 e-con-full e-flex e-con e-child\" data-id=\"91f3804\" data-element_type=\"container\">\n\t\t\t\t<\/div>\n\t\t\t\t<\/div>\n\t\t\t\t\t<\/div>\n\t\t\t\t<\/div>\n\t\t\t\t<\/div>\n\t\t","protected":false},"excerpt":{"rendered":"<p>Mentions l\u00e9gales 1. \u00c9diteur du site Le pr\u00e9sent site est \u00e9dit\u00e9 par : Ma\u00eetre Mouna Boughanmi Avocate au Barreau d\u2019Aix-en-Provence Exer\u00e7ant \u00e0 titre individuel Adresse : 18 bis avenue Paul di Lorto \u2013 13500 Martigues T\u00e9l\u00e9phone : 0634587593 E-mail : mb@boughanmi-avocat.fr SIRET : 817 626 500 00034 Code NAF : 6910Z Inscription \u00e0 u Barreau&#8230;<\/p>\n","protected":false},"author":1,"featured_media":0,"parent":0,"menu_order":0,"comment_status":"closed","ping_status":"closed","template":"","meta":{"_kad_post_transparent":"","_kad_post_title":"hide","_kad_post_layout":"fullwidth","_kad_post_sidebar_id":"","_kad_post_content_style":"unboxed","_kad_post_vertical_padding":"hide","_kad_post_feature":"hide","_kad_post_feature_position":"","_kad_post_header":false,"_kad_post_footer":false,"footnotes":""},"class_list":["post-2621","page","type-page","status-publish","hentry"],"_links":{"self":[{"href":"https:\/\/boughanmi-avocat.fr\/index.php\/wp-json\/wp\/v2\/pages\/2621","targetHints":{"allow":["GET"]}}],"collection":[{"href":"https:\/\/boughanmi-avocat.fr\/index.php\/wp-json\/wp\/v2\/pages"}],"about":[{"href":"https:\/\/boughanmi-avocat.fr\/index.php\/wp-json\/wp\/v2\/types\/page"}],"author":[{"embeddable":true,"href":"https:\/\/boughanmi-avocat.fr\/index.php\/wp-json\/wp\/v2\/users\/1"}],"replies":[{"embeddable":true,"href":"https:\/\/boughanmi-avocat.fr\/index.php\/wp-json\/wp\/v2\/comments?post=2621"}],"version-history":[{"count":0,"href":"https:\/\/boughanmi-avocat.fr\/index.php\/wp-json\/wp\/v2\/pages\/2621\/revisions"}],"wp:attachment":[{"href":"https:\/\/boughanmi-avocat.fr\/index.php\/wp-json\/wp\/v2\/media?parent=2621"}],"curies":[{"name":"wp","href":"https:\/\/api.w.org\/{rel}","templated":true}]}}