{"id":2635,"date":"2025-07-31T21:02:26","date_gmt":"2025-07-31T21:02:26","guid":{"rendered":"https:\/\/dev.boughanmi-avocat.fr\/?page_id=2635"},"modified":"2025-07-31T21:15:25","modified_gmt":"2025-07-31T21:15:25","slug":"politique-de-confidentialite","status":"publish","type":"page","link":"https:\/\/boughanmi-avocat.fr\/index.php\/politique-de-confidentialite\/","title":{"rendered":"Politique de confidentialit\u00e9"},"content":{"rendered":"\t\t<div data-elementor-type=\"wp-page\" data-elementor-id=\"2635\" class=\"elementor elementor-2635\">\n\t\t\t\t<div class=\"elementor-element elementor-element-293552f e-flex e-con-boxed e-con e-parent\" data-id=\"293552f\" data-element_type=\"container\">\n\t\t\t\t\t<div class=\"e-con-inner\">\n\t\t<div class=\"elementor-element elementor-element-736ed3a e-con-full e-flex e-con e-child\" data-id=\"736ed3a\" data-element_type=\"container\">\n\t\t\t\t<\/div>\n\t\t\t\t<div class=\"elementor-element elementor-element-80c82ca elementor-widget elementor-widget-heading\" data-id=\"80c82ca\" data-element_type=\"widget\" data-widget_type=\"heading.default\">\n\t\t\t\t<div class=\"elementor-widget-container\">\n\t\t\t\t\t<h1 class=\"elementor-heading-title elementor-size-default\">Politique de confidentialit\u00e9<\/h1>\t\t\t\t<\/div>\n\t\t\t\t<\/div>\n\t\t<div class=\"elementor-element elementor-element-c642db7 e-con-full e-flex e-con e-child\" data-id=\"c642db7\" data-element_type=\"container\">\n\t\t\t\t<\/div>\n\t\t\t\t<div class=\"elementor-element elementor-element-ac906c8 elementor-widget elementor-widget-text-editor\" data-id=\"ac906c8\" data-element_type=\"widget\" data-widget_type=\"text-editor.default\">\n\t\t\t\t<div class=\"elementor-widget-container\">\n\t\t\t\t\t\t\t\t\t<p>Ma\u00eetre Mouna Boughanmi, avocate au Barreau d\u2019Aix-en\u2011Provence, exer\u00e7ant \u00e0 titre individuel, 18\u00a0bis avenue Paul di\u202fLorto \u2013 13500 Martigues, SIRET\u202f: 817\u202f626\u202f500\u202f00034, est responsable du traitement des donn\u00e9es vis\u00e9es par la pr\u00e9sente politique.<\/p><p>Cette politique a pour objet :<\/p><ul><li>de vous informer des modalit\u00e9s de collecte des donn\u00e9es \u00e0 caract\u00e8re personnel (\u00ab\u202fDonn\u00e9es\u202f\u00bb) vous concernant ;<\/li><li>de pr\u00e9ciser les traitements appliqu\u00e9s \u00e0 vos Donn\u00e9es ;<\/li><li>de vous informer des droits dont vous disposez.<\/li><\/ul>\t\t\t\t\t\t\t\t<\/div>\n\t\t\t\t<\/div>\n\t\t<div class=\"elementor-element elementor-element-da028cd e-con-full e-flex e-con e-child\" data-id=\"da028cd\" data-element_type=\"container\">\n\t\t\t\t<\/div>\n\t\t<div class=\"elementor-element elementor-element-8e0a08d e-con-full e-flex e-con e-child\" data-id=\"8e0a08d\" data-element_type=\"container\">\n\t\t\t\t<div class=\"elementor-element elementor-element-100ec04 elementor-widget elementor-widget-heading\" data-id=\"100ec04\" data-element_type=\"widget\" data-widget_type=\"heading.default\">\n\t\t\t\t<div class=\"elementor-widget-container\">\n\t\t\t\t\t<h2 class=\"elementor-heading-title elementor-size-default\">1. Identit\u00e9 et coordonn\u00e9es du responsable du traitement<\/h2>\t\t\t\t<\/div>\n\t\t\t\t<\/div>\n\t\t\t\t<div class=\"elementor-element elementor-element-9f5e696 elementor-widget elementor-widget-text-editor\" data-id=\"9f5e696\" data-element_type=\"widget\" data-widget_type=\"text-editor.default\">\n\t\t\t\t<div class=\"elementor-widget-container\">\n\t\t\t\t\t\t\t\t\t<p>Le responsable du traitement est Ma\u00eetre Mouna Boughanmi, qui d\u00e9termine les finalit\u00e9s et les moyens des traitements.<\/p><p>Coordonn\u00e9es de contact :<\/p><p>Courriel\u202f: mb@boughanmi-avocat.fr<\/p><p>Adresse postale\u202f: 18\u202fbis avenue Paul di\u202fLorto, 13500 Martigues<\/p>\t\t\t\t\t\t\t\t<\/div>\n\t\t\t\t<\/div>\n\t\t\t\t<\/div>\n\t\t<div class=\"elementor-element elementor-element-58e6637 e-con-full e-flex e-con e-child\" data-id=\"58e6637\" data-element_type=\"container\">\n\t\t\t\t<div class=\"elementor-element elementor-element-8c2c14f elementor-widget elementor-widget-heading\" data-id=\"8c2c14f\" data-element_type=\"widget\" data-widget_type=\"heading.default\">\n\t\t\t\t<div class=\"elementor-widget-container\">\n\t\t\t\t\t<h2 class=\"elementor-heading-title elementor-size-default\">2. Donn\u00e9es collect\u00e9es<\/h2>\t\t\t\t<\/div>\n\t\t\t\t<\/div>\n\t\t\t\t<div class=\"elementor-element elementor-element-e7099c6 elementor-widget elementor-widget-text-editor\" data-id=\"e7099c6\" data-element_type=\"widget\" data-widget_type=\"text-editor.default\">\n\t\t\t\t<div class=\"elementor-widget-container\">\n\t\t\t\t\t\t\t\t\t<p>Les cat\u00e9gories de Donn\u00e9es collect\u00e9es incluent :<\/p><ul><li>nom et pr\u00e9nom<\/li><li>adresse \u00e9lectronique (e\u2011mail)<\/li><li>num\u00e9ro de t\u00e9l\u00e9phone<\/li><li>objet de la demande de contact<\/li><li>contenu textuel facultatif transmis via le formulaire ou e\u2011mail<\/li><\/ul><p>Aucune cat\u00e9gorie particuli\u00e8re sensitive n\u2019est collect\u00e9e.<\/p>\t\t\t\t\t\t\t\t<\/div>\n\t\t\t\t<\/div>\n\t\t\t\t<\/div>\n\t\t<div class=\"elementor-element elementor-element-154fedb e-con-full e-flex e-con e-child\" data-id=\"154fedb\" data-element_type=\"container\">\n\t\t\t\t<div class=\"elementor-element elementor-element-cb588c0 elementor-widget elementor-widget-heading\" data-id=\"cb588c0\" data-element_type=\"widget\" data-widget_type=\"heading.default\">\n\t\t\t\t<div class=\"elementor-widget-container\">\n\t\t\t\t\t<h2 class=\"elementor-heading-title elementor-size-default\">3. Finalit\u00e9s et bases juridiques des traitement<\/h2>\t\t\t\t<\/div>\n\t\t\t\t<\/div>\n\t\t\t\t<div class=\"elementor-element elementor-element-19f05b8 elementor-widget elementor-widget-text-editor\" data-id=\"19f05b8\" data-element_type=\"widget\" data-widget_type=\"text-editor.default\">\n\t\t\t\t<div class=\"elementor-widget-container\">\n\t\t\t\t\t\t\t\t\t<p><strong>a) Contact, rendez-vous, consultation ou prestation juridique<\/strong><\/p><p>Finalit\u00e9 : permettre l\u2019ex\u00e9cution de services juridiques (contact, rendez-vous, consultation, prestation).<\/p><p>Base l\u00e9gale : ex\u00e9cution d\u2019un contrat.<\/p><p>\u00a0<\/p><p><strong>b) \u00c9tablissement de devis ou convention d\u2019honoraires<\/strong><\/p><p>Finalit\u00e9 : pr\u00e9parer et proposer une convention d\u2019honoraires.<\/p><p>Base l\u00e9gale : ex\u00e9cution d\u2019un contrat.<\/p><p>\u00a0<\/p><p><strong>c) Cookies techniques et mesure d\u2019audience<\/strong><\/p><p>Finalit\u00e9 : optimiser la navigation, assurer le bon fonctionnement du site et effectuer des statistiques anonymes.<\/p><p>Base l\u00e9gale : int\u00e9r\u00eat l\u00e9gitime.<\/p><p>\u00a0<\/p><p>Sont exclusivement utilis\u00e9s des cookies techniques, anonymis\u00e9s, et aucun cookie publicitaire n\u2019est d\u00e9ploy\u00e9, conform\u00e9ment \u00e0 vos droits\u202f.\u00a0<\/p>\t\t\t\t\t\t\t\t<\/div>\n\t\t\t\t<\/div>\n\t\t\t\t<\/div>\n\t\t<div class=\"elementor-element elementor-element-57c7e97 e-con-full e-flex e-con e-child\" data-id=\"57c7e97\" data-element_type=\"container\">\n\t\t\t\t<div class=\"elementor-element elementor-element-a82a45f elementor-widget elementor-widget-heading\" data-id=\"a82a45f\" data-element_type=\"widget\" data-widget_type=\"heading.default\">\n\t\t\t\t<div class=\"elementor-widget-container\">\n\t\t\t\t\t<h2 class=\"elementor-heading-title elementor-size-default\">4. Dur\u00e9es de conservation<\/h2>\t\t\t\t<\/div>\n\t\t\t\t<\/div>\n\t\t\t\t<div class=\"elementor-element elementor-element-6acd972 elementor-widget elementor-widget-text-editor\" data-id=\"6acd972\" data-element_type=\"widget\" data-widget_type=\"text-editor.default\">\n\t\t\t\t<div class=\"elementor-widget-container\">\n\t\t\t\t\t\t\t\t\t<table><tbody><tr><td><p>Prestation juridique (contact, RDV, consultation, ex\u00e9cution de mission)<\/p><\/td><td><p>Jusqu\u2019\u00e0 5 ans apr\u00e8s la fin de la relation<\/p><\/td><\/tr><\/tbody><\/table><p>&gt; Suppression \u00e0 l\u2019issue de l\u2019archivage<\/p>\t\t\t\t\t\t\t\t<\/div>\n\t\t\t\t<\/div>\n\t\t\t\t<\/div>\n\t\t<div class=\"elementor-element elementor-element-9b5a769 e-con-full e-flex e-con e-child\" data-id=\"9b5a769\" data-element_type=\"container\">\n\t\t\t\t<div class=\"elementor-element elementor-element-e54d1af elementor-widget elementor-widget-heading\" data-id=\"e54d1af\" data-element_type=\"widget\" data-widget_type=\"heading.default\">\n\t\t\t\t<div class=\"elementor-widget-container\">\n\t\t\t\t\t<h2 class=\"elementor-heading-title elementor-size-default\">5. Droits des utilisateurs<\/h2>\t\t\t\t<\/div>\n\t\t\t\t<\/div>\n\t\t\t\t<div class=\"elementor-element elementor-element-7ba8700 elementor-widget elementor-widget-text-editor\" data-id=\"7ba8700\" data-element_type=\"widget\" data-widget_type=\"text-editor.default\">\n\t\t\t\t<div class=\"elementor-widget-container\">\n\t\t\t\t\t\t\t\t\t<p>Vous disposez des droits suivants sur vos Donn\u00e9es personnelles :<\/p><ul><li>droit d\u2019acc\u00e8s, de rectification, d\u2019effacement, de limitation, de portabilit\u00e9 et d\u2019opposition,<\/li><li>droit de retirer votre consentement lorsque la base l\u00e9gale du traitement est le consentement.<\/li><\/ul><p>Ces droits peuvent \u00eatre exerc\u00e9s en contactant directement Ma\u00eetre Mouna Boughanmi par e\u2011mail \u00e0 l\u2019adresse <em>mb@boughanmi-avocat.fr<\/em>. Une r\u00e9ponse vous sera adress\u00e9e dans un d\u00e9lai de 15 jours.<\/p><p>En cas de non\u2011respect de vos droits, vous pouvez saisir la CNIL (3, place de Fontenoy \u2013 TSA\u202f80715 \u2013 75334 Paris Cedex 07, t\u00e9l\u00e9phone\u202f: 01\u202f53\u202f73\u202f22\u202f22).<\/p>\t\t\t\t\t\t\t\t<\/div>\n\t\t\t\t<\/div>\n\t\t\t\t<\/div>\n\t\t<div class=\"elementor-element elementor-element-455ddbb e-con-full e-flex e-con e-child\" data-id=\"455ddbb\" data-element_type=\"container\">\n\t\t\t\t<div class=\"elementor-element elementor-element-aaec86b elementor-widget elementor-widget-heading\" data-id=\"aaec86b\" data-element_type=\"widget\" data-widget_type=\"heading.default\">\n\t\t\t\t<div class=\"elementor-widget-container\">\n\t\t\t\t\t<h2 class=\"elementor-heading-title elementor-size-default\">6. S\u00e9curit\u00e9 des donn\u00e9es<\/h2>\t\t\t\t<\/div>\n\t\t\t\t<\/div>\n\t\t\t\t<div class=\"elementor-element elementor-element-ce7be84 elementor-widget elementor-widget-text-editor\" data-id=\"ce7be84\" data-element_type=\"widget\" data-widget_type=\"text-editor.default\">\n\t\t\t\t<div class=\"elementor-widget-container\">\n\t\t\t\t\t\t\t\t\t<p>Les Donn\u00e9es sont prot\u00e9g\u00e9es \u00e0 l\u2019aide de mesures techniques et organisationnelles adapt\u00e9es, proportionn\u00e9es \u00e0 leur nature.<\/p>\t\t\t\t\t\t\t\t<\/div>\n\t\t\t\t<\/div>\n\t\t\t\t<\/div>\n\t\t<div class=\"elementor-element elementor-element-cbf4fbd e-con-full e-flex e-con e-child\" data-id=\"cbf4fbd\" data-element_type=\"container\">\n\t\t\t\t<div class=\"elementor-element elementor-element-27c82d3 elementor-widget elementor-widget-heading\" data-id=\"27c82d3\" data-element_type=\"widget\" data-widget_type=\"heading.default\">\n\t\t\t\t<div class=\"elementor-widget-container\">\n\t\t\t\t\t<h2 class=\"elementor-heading-title elementor-size-default\">7. Partenaires ou sous traitants<\/h2>\t\t\t\t<\/div>\n\t\t\t\t<\/div>\n\t\t\t\t<div class=\"elementor-element elementor-element-741deb3 elementor-widget elementor-widget-text-editor\" data-id=\"741deb3\" data-element_type=\"widget\" data-widget_type=\"text-editor.default\">\n\t\t\t\t<div class=\"elementor-widget-container\">\n\t\t\t\t\t\t\t\t\t<p>Certaines Donn\u00e9es sont transmises \u00e0 des prestataires externes, exclusivement dans le cadre de la gestion du site ou de la fourniture des services :<\/p><ul><li>h\u00e9bergeur du site,<\/li><li>prestataires informatiques du cabinet,<\/li><li>prestataires d\u2019assistance technique.<\/li><\/ul><p>Aucun partage commercial ou publicitaire n\u2019est effectu\u00e9.<\/p>\t\t\t\t\t\t\t\t<\/div>\n\t\t\t\t<\/div>\n\t\t\t\t<\/div>\n\t\t<div class=\"elementor-element elementor-element-e11e600 e-con-full e-flex e-con e-child\" data-id=\"e11e600\" data-element_type=\"container\">\n\t\t\t\t<div class=\"elementor-element elementor-element-08e95c9 elementor-widget elementor-widget-heading\" data-id=\"08e95c9\" data-element_type=\"widget\" data-widget_type=\"heading.default\">\n\t\t\t\t<div class=\"elementor-widget-container\">\n\t\t\t\t\t<h2 class=\"elementor-heading-title elementor-size-default\">8. Transferts hors Union europ\u00e9enne<\/h2>\t\t\t\t<\/div>\n\t\t\t\t<\/div>\n\t\t\t\t<div class=\"elementor-element elementor-element-c363965 elementor-widget elementor-widget-text-editor\" data-id=\"c363965\" data-element_type=\"widget\" data-widget_type=\"text-editor.default\">\n\t\t\t\t<div class=\"elementor-widget-container\">\n\t\t\t\t\t\t\t\t\t<p>Les Donn\u00e9es sont trait\u00e9es au sein de l\u2019Union europ\u00e9enne et h\u00e9berg\u00e9es sur des serveurs situ\u00e9s dans l\u2019UE. En cas de transfert vers un pays non reconnu comme ad\u00e9quat, des garanties appropri\u00e9es (clauses contractuelles types, r\u00e8gles d\u2019entreprise contraignantes, etc.) seront mises en place.<\/p>\t\t\t\t\t\t\t\t<\/div>\n\t\t\t\t<\/div>\n\t\t\t\t<\/div>\n\t\t<div class=\"elementor-element elementor-element-0dccfff e-con-full e-flex e-con e-child\" data-id=\"0dccfff\" data-element_type=\"container\">\n\t\t\t\t<div class=\"elementor-element elementor-element-f456373 elementor-widget elementor-widget-heading\" data-id=\"f456373\" data-element_type=\"widget\" data-widget_type=\"heading.default\">\n\t\t\t\t<div class=\"elementor-widget-container\">\n\t\t\t\t\t<h2 class=\"elementor-heading-title elementor-size-default\">9. Contact et r\u00e9clamations<\/h2>\t\t\t\t<\/div>\n\t\t\t\t<\/div>\n\t\t\t\t<div class=\"elementor-element elementor-element-9d4e18c elementor-widget elementor-widget-text-editor\" data-id=\"9d4e18c\" data-element_type=\"widget\" data-widget_type=\"text-editor.default\">\n\t\t\t\t<div class=\"elementor-widget-container\">\n\t\t\t\t\t\t\t\t\t<p>Pour toute question relative \u00e0 cette politique ou \u00e0 vos Donn\u00e9es, merci de contacter Ma\u00eetre Mouna Boughanmi.<\/p><p>Vous pouvez \u00e9galement exercer vos droits aupr\u00e8s de la CNIL si vous estimez que vos droits ne sont pas respect\u00e9s.<\/p>\t\t\t\t\t\t\t\t<\/div>\n\t\t\t\t<\/div>\n\t\t\t\t<\/div>\n\t\t<div class=\"elementor-element elementor-element-9faca5e e-con-full e-flex e-con e-child\" data-id=\"9faca5e\" data-element_type=\"container\">\n\t\t\t\t<\/div>\n\t\t\t\t\t<\/div>\n\t\t\t\t<\/div>\n\t\t\t\t<\/div>\n\t\t","protected":false},"excerpt":{"rendered":"<p>Politique de confidentialit\u00e9 Ma\u00eetre Mouna Boughanmi, avocate au Barreau d\u2019Aix-en\u2011Provence, exer\u00e7ant \u00e0 titre individuel, 18\u00a0bis avenue Paul di\u202fLorto \u2013 13500 Martigues, SIRET\u202f: 817\u202f626\u202f500\u202f00034, est responsable du traitement des donn\u00e9es vis\u00e9es par la pr\u00e9sente politique. Cette politique a pour objet : de vous informer des modalit\u00e9s de collecte des donn\u00e9es \u00e0 caract\u00e8re personnel (\u00ab\u202fDonn\u00e9es\u202f\u00bb) vous concernant&#8230;<\/p>\n","protected":false},"author":1,"featured_media":0,"parent":0,"menu_order":0,"comment_status":"closed","ping_status":"closed","template":"","meta":{"_kad_post_transparent":"","_kad_post_title":"hide","_kad_post_layout":"fullwidth","_kad_post_sidebar_id":"","_kad_post_content_style":"unboxed","_kad_post_vertical_padding":"hide","_kad_post_feature":"hide","_kad_post_feature_position":"","_kad_post_header":false,"_kad_post_footer":false,"footnotes":""},"class_list":["post-2635","page","type-page","status-publish","hentry"],"_links":{"self":[{"href":"https:\/\/boughanmi-avocat.fr\/index.php\/wp-json\/wp\/v2\/pages\/2635","targetHints":{"allow":["GET"]}}],"collection":[{"href":"https:\/\/boughanmi-avocat.fr\/index.php\/wp-json\/wp\/v2\/pages"}],"about":[{"href":"https:\/\/boughanmi-avocat.fr\/index.php\/wp-json\/wp\/v2\/types\/page"}],"author":[{"embeddable":true,"href":"https:\/\/boughanmi-avocat.fr\/index.php\/wp-json\/wp\/v2\/users\/1"}],"replies":[{"embeddable":true,"href":"https:\/\/boughanmi-avocat.fr\/index.php\/wp-json\/wp\/v2\/comments?post=2635"}],"version-history":[{"count":0,"href":"https:\/\/boughanmi-avocat.fr\/index.php\/wp-json\/wp\/v2\/pages\/2635\/revisions"}],"wp:attachment":[{"href":"https:\/\/boughanmi-avocat.fr\/index.php\/wp-json\/wp\/v2\/media?parent=2635"}],"curies":[{"name":"wp","href":"https:\/\/api.w.org\/{rel}","templated":true}]}}